{"id":1312,"date":"2026-03-09T15:58:00","date_gmt":"2026-03-09T14:58:00","guid":{"rendered":"https:\/\/fumettomadeinitaly.com\/chi-siamo\/"},"modified":"2026-04-03T18:42:58","modified_gmt":"2026-04-03T16:42:58","slug":"o-nama","status":"publish","type":"page","link":"https:\/\/fumettomadeinitaly.com\/sr\/o-nama\/","title":{"rendered":"O nama"},"content":{"rendered":"\t\t<div data-elementor-type=\"wp-post\" data-elementor-id=\"1312\" class=\"elementor elementor-1312 elementor-243\" data-elementor-post-type=\"page\">\n\t\t\t\t<div class=\"elementor-element elementor-element-f647a74 fmi-boxed-row e-flex e-con-boxed e-con e-parent\" data-id=\"f647a74\" data-element_type=\"container\" data-e-type=\"container\">\n\t\t\t\t\t<div class=\"e-con-inner\">\n\t\t\t\t<div class=\"elementor-element elementor-element-f699b89 elementor-widget elementor-widget-heading\" data-id=\"f699b89\" data-element_type=\"widget\" data-e-type=\"widget\" data-widget_type=\"heading.default\">\n\t\t\t\t\t<h1 class=\"elementor-heading-title elementor-size-default\">O nama<\/h1>\t\t\t\t<\/div>\n\t\t\t\t\t<\/div>\n\t\t\t\t<\/div>\n\t\t<div class=\"elementor-element elementor-element-67aa2c5 fmi-boxed-row e-flex e-con-boxed e-con e-parent\" data-id=\"67aa2c5\" data-element_type=\"container\" data-e-type=\"container\">\n\t\t\t\t\t<div class=\"e-con-inner\">\n\t\t\t\t<div class=\"elementor-element elementor-element-b5f8e1b elementor-widget elementor-widget-text-editor\" data-id=\"b5f8e1b\" data-element_type=\"widget\" data-e-type=\"widget\" data-widget_type=\"text-editor.default\">\n\t\t\t\t\t\t\t\t\t<p data-start=\"142\" data-end=\"392\"><strong data-start=\"142\" data-end=\"181\">Fumetto Made in Italy \u2013 Generazioni<\/strong> je projekat <strong data-start=\"194\" data-end=\"211\">Fumo di China<\/strong> i <strong data-start=\"214\" data-end=\"228\">Lucca Crea<\/strong>, dve referentne institucije u italijanskom kulturnom prostoru koje, kroz komplementarne kompetencije, promovi\u0161u i valorizuju strip kao savremeni umetni\u010dki jezik.<\/p><p data-start=\"394\" data-end=\"912\">S jedne strane, <strong data-start=\"410\" data-end=\"427\">Fumo di China<\/strong>, osnovan 1978. godine kao \u010dasopis, ve\u0107 vi\u0161e od pedeset godina predstavlja nezaobilaznu referencu za <strong data-start=\"528\" data-end=\"586\">kritiku, popularizaciju i prou\u010davanje Devete umetnosti<\/strong>, prate\u0107i njen razvoj kroz generacije, jezike i kulturne transformacije. Tokom vremena izgradio je nezavisan i prepoznatljiv pogled, sposoban da predstavi strip ne samo kao formu zabave ve\u0107 kao <strong data-start=\"780\" data-end=\"836\">umetni\u010dki izraz i sredstvo za tuma\u010denje savremenosti<\/strong>, zna\u010dajno doprinose\u0107i razvoju kriti\u010dkog diskursa o ovom mediju u Italiji.<\/p><p data-start=\"914\" data-end=\"1431\">S druge strane, <strong data-start=\"930\" data-end=\"944\">Lucca Crea<\/strong> deluje sa ciljem valorizacije monumentalnog konteksta grada Luke i promocije njegovog imid\u017ea kroz organizaciju <strong data-start=\"1056\" data-end=\"1128\">kulturnih i sajamskih doga\u0111aja od nacionalnog i me\u0111unarodnog zna\u010daja<\/strong>, kao \u0161to je <strong data-start=\"1141\" data-end=\"1167\">Lucca Comics and Games<\/strong>. Sa iskustvom dugim vi\u0161e od \u0161ezdeset godina, Lucca Crea se isti\u010de <strong data-start=\"1234\" data-end=\"1343\">projektantskim pristupom zasnovanim na razgranatoj mre\u017ei institucija, profesionalaca i kulturnih partnera<\/strong>, aktivno doprinose\u0107i \u0161irenju kulture stripa i vizuelnih umetnosti na globalnom nivou.<\/p><p data-start=\"1433\" data-end=\"1872\">Susret ove dve stvarnosti stvara saradnju koja objedinjuje <strong data-start=\"1492\" data-end=\"1536\">kriti\u010dku dubinu i produkcionu sposobnost<\/strong>, kao i <strong data-start=\"1544\" data-end=\"1587\">kuratorsku viziju i projektnu dimenziju<\/strong>. <strong data-start=\"1589\" data-end=\"1606\">Fumo di China<\/strong> donosi bogatstvo <strong data-start=\"1624\" data-end=\"1696\">znanja, analize i naracije stripa kao kompleksnog kulturnog fenomena<\/strong>; <strong data-start=\"1698\" data-end=\"1712\">Lucca Crea<\/strong> doprinosi konsolidovanim iskustvom u <strong data-start=\"1750\" data-end=\"1869\">organizaciji doga\u0111aja, upravljanju raznovrsnom publikom i valorizaciji savremenih jezika u me\u0111unarodnim kontekstima<\/strong>.<\/p><p data-start=\"1874\" data-end=\"2363\">U okviru ovog dijaloga, <strong data-start=\"1898\" data-end=\"1937\">Fumetto Made in Italy \u2013 Generazioni<\/strong> se oblikuje kao projekat koji ne izla\u017ee samo radove, ve\u0107 gradi <strong data-start=\"2001\" data-end=\"2044\">artikulisan narativ italijanskog stripa<\/strong>, povezuju\u0107i <strong data-start=\"2057\" data-end=\"2108\">autore, stilove i razli\u010dite istorijske trenutke<\/strong>. Izlo\u017eba nastaje iz procesa <strong data-start=\"2137\" data-end=\"2181\">istra\u017eivanja, selekcije i interpretacije<\/strong> koji obuhvata generacije i poetike, sa ciljem da prika\u017ee <strong data-start=\"2239\" data-end=\"2360\">kompleksnost stripa kao izra\u017eajnog oblika sposobnog da reflektuje dru\u0161tvene, kulturne i estetske promene savremenosti<\/strong>.<\/p><p data-start=\"2365\" data-end=\"2745\">Projekat se tako pozicionira u <strong data-start=\"2396\" data-end=\"2468\">grani\u010dnom prostoru izme\u0111u izdava\u0161tva, vizuelnih umetnosti i naracije<\/strong>, predstavljaju\u0107i strip kao <strong data-start=\"2496\" data-end=\"2568\">jezik sposoban da pokrene nove na\u010dine recepcije i nove imaginarijume<\/strong>. U ovoj perspektivi, izlo\u017ebena dimenzija postaje i <strong data-start=\"2620\" data-end=\"2648\">alat kulturne medijacije<\/strong>, sposoban da pro\u0161iri publiku i podstakne nove oblike dijaloga izme\u0111u dela, autora i konteksta.<\/p><p data-start=\"2701\" data-end=\"3053\">\u00a0<\/p>\t\t\t\t\t\t\t\t<\/div>\n\t\t\t\t<div class=\"elementor-element elementor-element-0c989eb elementor-align-center elementor-widget elementor-widget-button\" data-id=\"0c989eb\" data-element_type=\"widget\" data-e-type=\"widget\" data-widget_type=\"button.default\">\n\t\t\t\t\t\t\t\t\t\t<a class=\"elementor-button elementor-button-link elementor-size-sm\" href=\"mailto:fdc@fumodichina.it\">\n\t\t\t\t\t\t<span class=\"elementor-button-content-wrapper\">\n\t\t\t\t\t\t\t\t\t<span class=\"elementor-button-text\">Kontakt<\/span>\n\t\t\t\t\t<\/span>\n\t\t\t\t\t<\/a>\n\t\t\t\t\t\t\t\t<\/div>\n\t\t\t\t\t<\/div>\n\t\t\t\t<\/div>\n\t\t\t\t<\/div>\n\t\t","protected":false},"excerpt":{"rendered":"<p>O nama Fumetto Made in Italy \u2013 Generazioni je projekat Fumo di China i Lucca Crea, dve referentne institucije u italijanskom kulturnom prostoru koje, kroz komplementarne kompetencije, promovi\u0161u i valorizuju strip kao savremeni umetni\u010dki jezik. S jedne strane, Fumo di China, osnovan 1978. godine kao \u010dasopis, ve\u0107 vi\u0161e od pedeset godina predstavlja nezaobilaznu referencu za [&hellip;]<\/p>\n","protected":false},"author":1,"featured_media":0,"parent":0,"menu_order":0,"comment_status":"closed","ping_status":"closed","template":"","meta":{"footnotes":""},"class_list":["post-1312","page","type-page","status-publish","hentry"],"yoast_head":"<!-- This site is optimized with the Yoast SEO plugin v27.1.1 - https:\/\/yoast.com\/product\/yoast-seo-wordpress\/ -->\n<title>O nama<\/title>\n<meta name=\"description\" content=\"Fumetto Made in Italy \u2013 Generacije je projekat platforme Fumo di China, jedne od najzna\u010dajnijih italijanskih stvarnosti posve\u0107enih stripu.\" \/>\n<meta name=\"robots\" content=\"index, follow, max-snippet:-1, max-image-preview:large, max-video-preview:-1\" \/>\n<link rel=\"canonical\" href=\"https:\/\/fumettomadeinitaly.com\/sr\/o-nama\/\" \/>\n<meta property=\"og:locale\" content=\"sr_RS\" \/>\n<meta property=\"og:type\" content=\"article\" \/>\n<meta property=\"og:title\" content=\"O nama\" \/>\n<meta property=\"og:description\" content=\"Fumetto Made in Italy \u2013 Generacije je projekat platforme Fumo di China, jedne od najzna\u010dajnijih italijanskih stvarnosti posve\u0107enih stripu.\" \/>\n<meta property=\"og:url\" content=\"https:\/\/fumettomadeinitaly.com\/sr\/o-nama\/\" \/>\n<meta property=\"og:site_name\" content=\"Fumetto Made in Italy\" \/>\n<meta property=\"article:modified_time\" content=\"2026-04-03T16:42:58+00:00\" \/>\n<meta name=\"twitter:card\" content=\"summary_large_image\" \/>\n<meta name=\"twitter:label1\" content=\"\u041f\u0440\u043e\u0446\u0435\u045a\u0435\u043d\u043e \u0432\u0440\u0435\u043c\u0435 \u0447\u0438\u0442\u0430\u045a\u0430\" \/>\n\t<meta name=\"twitter:data1\" content=\"2 \u043c\u0438\u043d\u0443\u0442\u0430\" \/>\n<script type=\"application\/ld+json\" class=\"yoast-schema-graph\">{\"@context\":\"https:\/\/schema.org\",\"@graph\":[{\"@type\":\"WebPage\",\"@id\":\"https:\/\/fumettomadeinitaly.com\/sr\/o-nama\/\",\"url\":\"https:\/\/fumettomadeinitaly.com\/sr\/o-nama\/\",\"name\":\"O nama\",\"isPartOf\":{\"@id\":\"https:\/\/fumettomadeinitaly.com\/sr\/#website\"},\"datePublished\":\"2026-03-09T14:58:00+00:00\",\"dateModified\":\"2026-04-03T16:42:58+00:00\",\"description\":\"Fumetto Made in Italy \u2013 Generacije je projekat platforme Fumo di China, jedne od najzna\u010dajnijih italijanskih stvarnosti posve\u0107enih stripu.\",\"breadcrumb\":{\"@id\":\"https:\/\/fumettomadeinitaly.com\/sr\/o-nama\/#breadcrumb\"},\"inLanguage\":\"sr-RS\",\"potentialAction\":[{\"@type\":\"ReadAction\",\"target\":[\"https:\/\/fumettomadeinitaly.com\/sr\/o-nama\/\"]}]},{\"@type\":\"BreadcrumbList\",\"@id\":\"https:\/\/fumettomadeinitaly.com\/sr\/o-nama\/#breadcrumb\",\"itemListElement\":[{\"@type\":\"ListItem\",\"position\":1,\"name\":\"Home\",\"item\":\"https:\/\/fumettomadeinitaly.com\/sr\/\"},{\"@type\":\"ListItem\",\"position\":2,\"name\":\"O nama\"}]},{\"@type\":\"WebSite\",\"@id\":\"https:\/\/fumettomadeinitaly.com\/sr\/#website\",\"url\":\"https:\/\/fumettomadeinitaly.com\/sr\/\",\"name\":\"Fumetto Made in Italy\",\"description\":\"\",\"publisher\":{\"@id\":\"https:\/\/fumettomadeinitaly.com\/sr\/#organization\"},\"potentialAction\":[{\"@type\":\"SearchAction\",\"target\":{\"@type\":\"EntryPoint\",\"urlTemplate\":\"https:\/\/fumettomadeinitaly.com\/sr\/?s={search_term_string}\"},\"query-input\":{\"@type\":\"PropertyValueSpecification\",\"valueRequired\":true,\"valueName\":\"search_term_string\"}}],\"inLanguage\":\"sr-RS\"},{\"@type\":\"Organization\",\"@id\":\"https:\/\/fumettomadeinitaly.com\/sr\/#organization\",\"name\":\"Fumetto Made in Italy\",\"url\":\"https:\/\/fumettomadeinitaly.com\/sr\/\",\"logo\":{\"@type\":\"ImageObject\",\"inLanguage\":\"sr-RS\",\"@id\":\"https:\/\/fumettomadeinitaly.com\/sr\/#\/schema\/logo\/image\/\",\"url\":\"https:\/\/fumettomadeinitaly.com\/wp-content\/uploads\/2026\/03\/cropped-favicon-fmi.png\",\"contentUrl\":\"https:\/\/fumettomadeinitaly.com\/wp-content\/uploads\/2026\/03\/cropped-favicon-fmi.png\",\"width\":512,\"height\":512,\"caption\":\"Fumetto Made in Italy\"},\"image\":{\"@id\":\"https:\/\/fumettomadeinitaly.com\/sr\/#\/schema\/logo\/image\/\"}}]}<\/script>\n<!-- \/ Yoast SEO plugin. -->","yoast_head_json":{"title":"O nama","description":"Fumetto Made in Italy \u2013 Generacije je projekat platforme Fumo di China, jedne od najzna\u010dajnijih italijanskih stvarnosti posve\u0107enih stripu.","robots":{"index":"index","follow":"follow","max-snippet":"max-snippet:-1","max-image-preview":"max-image-preview:large","max-video-preview":"max-video-preview:-1"},"canonical":"https:\/\/fumettomadeinitaly.com\/sr\/o-nama\/","og_locale":"sr_RS","og_type":"article","og_title":"O nama","og_description":"Fumetto Made in Italy \u2013 Generacije je projekat platforme Fumo di China, jedne od najzna\u010dajnijih italijanskih stvarnosti posve\u0107enih stripu.","og_url":"https:\/\/fumettomadeinitaly.com\/sr\/o-nama\/","og_site_name":"Fumetto Made in Italy","article_modified_time":"2026-04-03T16:42:58+00:00","twitter_card":"summary_large_image","twitter_misc":{"\u041f\u0440\u043e\u0446\u0435\u045a\u0435\u043d\u043e \u0432\u0440\u0435\u043c\u0435 \u0447\u0438\u0442\u0430\u045a\u0430":"2 \u043c\u0438\u043d\u0443\u0442\u0430"},"schema":{"@context":"https:\/\/schema.org","@graph":[{"@type":"WebPage","@id":"https:\/\/fumettomadeinitaly.com\/sr\/o-nama\/","url":"https:\/\/fumettomadeinitaly.com\/sr\/o-nama\/","name":"O nama","isPartOf":{"@id":"https:\/\/fumettomadeinitaly.com\/sr\/#website"},"datePublished":"2026-03-09T14:58:00+00:00","dateModified":"2026-04-03T16:42:58+00:00","description":"Fumetto Made in Italy \u2013 Generacije je projekat platforme Fumo di China, jedne od najzna\u010dajnijih italijanskih stvarnosti posve\u0107enih stripu.","breadcrumb":{"@id":"https:\/\/fumettomadeinitaly.com\/sr\/o-nama\/#breadcrumb"},"inLanguage":"sr-RS","potentialAction":[{"@type":"ReadAction","target":["https:\/\/fumettomadeinitaly.com\/sr\/o-nama\/"]}]},{"@type":"BreadcrumbList","@id":"https:\/\/fumettomadeinitaly.com\/sr\/o-nama\/#breadcrumb","itemListElement":[{"@type":"ListItem","position":1,"name":"Home","item":"https:\/\/fumettomadeinitaly.com\/sr\/"},{"@type":"ListItem","position":2,"name":"O nama"}]},{"@type":"WebSite","@id":"https:\/\/fumettomadeinitaly.com\/sr\/#website","url":"https:\/\/fumettomadeinitaly.com\/sr\/","name":"Fumetto Made in Italy","description":"","publisher":{"@id":"https:\/\/fumettomadeinitaly.com\/sr\/#organization"},"potentialAction":[{"@type":"SearchAction","target":{"@type":"EntryPoint","urlTemplate":"https:\/\/fumettomadeinitaly.com\/sr\/?s={search_term_string}"},"query-input":{"@type":"PropertyValueSpecification","valueRequired":true,"valueName":"search_term_string"}}],"inLanguage":"sr-RS"},{"@type":"Organization","@id":"https:\/\/fumettomadeinitaly.com\/sr\/#organization","name":"Fumetto Made in Italy","url":"https:\/\/fumettomadeinitaly.com\/sr\/","logo":{"@type":"ImageObject","inLanguage":"sr-RS","@id":"https:\/\/fumettomadeinitaly.com\/sr\/#\/schema\/logo\/image\/","url":"https:\/\/fumettomadeinitaly.com\/wp-content\/uploads\/2026\/03\/cropped-favicon-fmi.png","contentUrl":"https:\/\/fumettomadeinitaly.com\/wp-content\/uploads\/2026\/03\/cropped-favicon-fmi.png","width":512,"height":512,"caption":"Fumetto Made in Italy"},"image":{"@id":"https:\/\/fumettomadeinitaly.com\/sr\/#\/schema\/logo\/image\/"}}]}},"_links":{"self":[{"href":"https:\/\/fumettomadeinitaly.com\/sr\/wp-json\/wp\/v2\/pages\/1312","targetHints":{"allow":["GET"]}}],"collection":[{"href":"https:\/\/fumettomadeinitaly.com\/sr\/wp-json\/wp\/v2\/pages"}],"about":[{"href":"https:\/\/fumettomadeinitaly.com\/sr\/wp-json\/wp\/v2\/types\/page"}],"author":[{"embeddable":true,"href":"https:\/\/fumettomadeinitaly.com\/sr\/wp-json\/wp\/v2\/users\/1"}],"replies":[{"embeddable":true,"href":"https:\/\/fumettomadeinitaly.com\/sr\/wp-json\/wp\/v2\/comments?post=1312"}],"version-history":[{"count":15,"href":"https:\/\/fumettomadeinitaly.com\/sr\/wp-json\/wp\/v2\/pages\/1312\/revisions"}],"predecessor-version":[{"id":2111,"href":"https:\/\/fumettomadeinitaly.com\/sr\/wp-json\/wp\/v2\/pages\/1312\/revisions\/2111"}],"wp:attachment":[{"href":"https:\/\/fumettomadeinitaly.com\/sr\/wp-json\/wp\/v2\/media?parent=1312"}],"curies":[{"name":"wp","href":"https:\/\/api.w.org\/{rel}","templated":true}]}}